{"id":3776,"date":"2021-12-15T05:37:40","date_gmt":"2021-12-15T05:37:40","guid":{"rendered":"https:\/\/education.crto.on.ca\/?page_id=3776"},"modified":"2021-12-15T06:11:15","modified_gmt":"2021-12-15T06:11:15","slug":"additional-considerations","status":"publish","type":"page","link":"https:\/\/education.crto.on.ca\/fr\/additional-considerations\/","title":{"rendered":"Additional Considerations"},"content":{"rendered":"<p>[et_pb_section fb_built=\u00a0\u00bb1&Prime; inner_shadow=\u00a0\u00bbon\u00a0\u00bb _builder_version=\u00a0\u00bb4.11.3&Prime; use_background_color_gradient=\u00a0\u00bbon\u00a0\u00bb background_color_gradient_start=\u00a0\u00bbrgba(255,255,255,0.21)\u00a0\u00bb background_color_gradient_end=\u00a0\u00bb#ffffff\u00a0\u00bb background_color_gradient_direction=\u00a0\u00bb270deg\u00a0\u00bb background_color_gradient_overlays_image=\u00a0\u00bbon\u00a0\u00bb background_image=\u00a0\u00bbhttps:\/\/education.crto.on.ca\/wp-content\/uploads\/sites\/15\/2021\/12\/additional-img.jpg\u00a0\u00bb custom_margin=\u00a0\u00bb||-6px|||\u00a0\u00bb custom_padding=\u00a0\u00bb50px||50px|\u00a0\u00bb border_width_bottom=\u00a0\u00bb3px\u00a0\u00bb border_color_bottom=\u00a0\u00bb#696BAE\u00a0\u00bb global_colors_info=\u00a0\u00bb{}\u00a0\u00bb][et_pb_row _builder_version=\u00a0\u00bb4.6.6&Prime; background_size=\u00a0\u00bbinitial\u00a0\u00bb background_position=\u00a0\u00bbtop_left\u00a0\u00bb background_repeat=\u00a0\u00bbrepeat\u00a0\u00bb custom_padding=\u00a0\u00bb100px||100px||true|false\u00a0\u00bb global_colors_info=\u00a0\u00bb{}\u00a0\u00bb][et_pb_column type=\u00a0\u00bb4_4&Prime; _builder_version=\u00a0\u00bb3.25&Prime; custom_padding=\u00a0\u00bb|||\u00a0\u00bb global_colors_info=\u00a0\u00bb{}\u00a0\u00bb custom_padding__hover=\u00a0\u00bb|||\u00a0\u00bb][et_pb_text admin_label=\u00a0\u00bbSTANDARD TITLE\u00a0\u00bb _builder_version=\u00a0\u00bb4.11.3&Prime; header_font=\u00a0\u00bb|||on|||||\u00a0\u00bb module_alignment=\u00a0\u00bbleft\u00a0\u00bb global_colors_info=\u00a0\u00bb{}\u00a0\u00bb]<\/p>\n<h1><strong>Autres consid\u00e9rations<br \/>\n<\/strong><\/h1>\n<p>[\/et_pb_text][\/et_pb_column][\/et_pb_row][\/et_pb_section][et_pb_section fb_built=\u00a0\u00bb1&Prime; _builder_version=\u00a0\u00bb4.6.6&Prime; _module_preset=\u00a0\u00bbdefault\u00a0\u00bb background_image=\u00a0\u00bbhttps:\/\/education.crto.on.ca\/wp-content\/uploads\/sites\/15\/2021\/11\/crto-patternpurple-tall.jpg\u00a0\u00bb background_position=\u00a0\u00bbbottom_left\u00a0\u00bb border_width_top=\u00a0\u00bb3px\u00a0\u00bb border_color_top=\u00a0\u00bb#696bae\u00a0\u00bb border_width_bottom=\u00a0\u00bb3px\u00a0\u00bb border_color_bottom=\u00a0\u00bb#696bae\u00a0\u00bb global_colors_info=\u00a0\u00bb{}\u00a0\u00bb][et_pb_row column_structure=\u00a0\u00bb1_3,2_3&Prime; module_id=\u00a0\u00bbshared\u00a0\u00bb _builder_version=\u00a0\u00bb4.11.3&Prime; global_colors_info=\u00a0\u00bb{}\u00a0\u00bb][et_pb_column type=\u00a0\u00bb1_3&Prime; _builder_version=\u00a0\u00bb3.25&Prime; custom_padding=\u00a0\u00bb|||\u00a0\u00bb global_colors_info=\u00a0\u00bb{}\u00a0\u00bb custom_padding__hover=\u00a0\u00bb|||\u00a0\u00bb][et_pb_text admin_label=\u00a0\u00bbPerformance\u00a0\u00bb _builder_version=\u00a0\u00bb4.11.3&Prime; header_font_size=\u00a0\u00bb45px\u00a0\u00bb custom_margin=\u00a0\u00bb||10px|\u00a0\u00bb global_colors_info=\u00a0\u00bb{}\u00a0\u00bb]<\/p>\n<h2><strong>\u200b<\/strong>Partage de la responsabilit\u00e9 li\u00e9e \u00e0 l\u2019\u00e9ducation<\/h2>\n<h2><strong>\u00a0<\/strong><\/h2>\n<p>[\/et_pb_text][et_pb_divider show_divider=\u00a0\u00bboff\u00a0\u00bb disabled_on=\u00a0\u00bboff\u00a0\u00bb _builder_version=\u00a0\u00bb4.6.6&Prime; custom_margin=\u00a0\u00bb||15px|||\u00a0\u00bb custom_css_before=\u00a0\u00bbwidth: 130px; margin: auto;\u00a0\u00bb hide_on_mobile=\u00a0\u00bboff\u00a0\u00bb saved_tabs=\u00a0\u00bball\u00a0\u00bb global_colors_info=\u00a0\u00bb{}\u00a0\u00bb][\/et_pb_divider][\/et_pb_column][et_pb_column type=\u00a0\u00bb2_3&Prime; _builder_version=\u00a0\u00bb3.25&Prime; custom_padding=\u00a0\u00bb|||\u00a0\u00bb global_colors_info=\u00a0\u00bb{}\u00a0\u00bb custom_padding__hover=\u00a0\u00bb|||\u00a0\u00bb][et_pb_text admin_label=\u00a0\u00bbPerformance Expectations\u00a0\u00bb _builder_version=\u00a0\u00bb4.11.3&Prime; custom_padding=\u00a0\u00bb0px|||\u00a0\u00bb global_colors_info=\u00a0\u00bb{}\u00a0\u00bb]Pendant le processus d\u2019\u00e9ducation, le th\u00e9rapeute respiratoire et l\u2019apprenant sont tous les deux responsables de leurs propres actions, tout en partageant la responsabilit\u00e9 quant au r\u00e9sultat de l\u2019\u00e9change de connaissances. Les \u00e9ducateurs sont tenus de s\u2019assurer qu\u2019il est appropri\u00e9 d\u2019enseigner cette proc\u00e9dure et d\u00e9cider de la meilleure m\u00e9thode et de l\u2019\u00e9valuation des comp\u00e9tences de l\u2019apprenant. De plus, le th\u00e9rapeute respiratoire a une responsabilit\u00e9 envers ses patients\/clients, son employeur et l\u2019OTRO. L\u2019apprenant est responsable d\u2019ex\u00e9cuter uniquement les t\u00e2ches pour lesquelles il poss\u00e8de les comp\u00e9tences requises et est souvent redevable envers d\u2019autres entit\u00e9s (p. ex., envers leur \u00e9tablissement d\u2019enseignement). Les th\u00e9rapeutes respiratoires doivent s\u2019assurer de s\u2019identifier et qu\u2019ils sont disponibles pour aider les apprenants lorsqu\u2019ils ne sont pas directement surveill\u00e9s (dans une autre pi\u00e8ce). Au besoin, les th\u00e9rapeutes respiratoires doivent aussi s\u2019assurer qu\u2019un autre surveillant est pr\u00e9sent et pr\u00eat \u00e0 aider.<\/p>\n<p>Avant de permettre \u00e0 quelqu\u2019un, y compris \u00e0 un \u00e9tudiant, d\u2019effectuer une activit\u00e9, le th\u00e9rapeute respiratoire doit prendre soin d\u2019\u00e9valuer le danger potentiel associ\u00e9 \u00e0 la proc\u00e9dure et la pertinence d\u2019autoriser la personne \u00e0 ex\u00e9cuter l\u2019activit\u00e9 compte tenu de ses comp\u00e9tences.<br \/>\n[\/et_pb_text][\/et_pb_column][\/et_pb_row][\/et_pb_section][et_pb_section fb_built=\u00a0\u00bb1&Prime; inner_shadow=\u00a0\u00bbon\u00a0\u00bb module_id=\u00a0\u00bbfootnote\u00a0\u00bb _builder_version=\u00a0\u00bb3.22&Prime; use_background_color_gradient=\u00a0\u00bbon\u00a0\u00bb background_color_gradient_start=\u00a0\u00bb#ffffff\u00a0\u00bb background_color_gradient_end=\u00a0\u00bb#ededed\u00a0\u00bb background_color_gradient_type=\u00a0\u00bbradial\u00a0\u00bb background_color_gradient_start_position=\u00a0\u00bb53%\u00a0\u00bb custom_padding=\u00a0\u00bb20px||20px|\u00a0\u00bb global_colors_info=\u00a0\u00bb{}\u00a0\u00bb][et_pb_row column_structure=\u00a0\u00bb1_2,1_2&Prime; _builder_version=\u00a0\u00bb4.6.6&Prime; background_size=\u00a0\u00bbinitial\u00a0\u00bb background_position=\u00a0\u00bbtop_left\u00a0\u00bb background_repeat=\u00a0\u00bbrepeat\u00a0\u00bb animation_style=\u00a0\u00bbflip\u00a0\u00bb global_colors_info=\u00a0\u00bb{}\u00a0\u00bb][et_pb_column type=\u00a0\u00bb1_2&Prime; _builder_version=\u00a0\u00bb3.25&Prime; custom_padding=\u00a0\u00bb|||\u00a0\u00bb global_colors_info=\u00a0\u00bb{}\u00a0\u00bb custom_padding__hover=\u00a0\u00bb|||\u00a0\u00bb][et_pb_toggle title=\u00a0\u00bbGLOSSAIRE\u00a0\u00bb admin_label=\u00a0\u00bbGLOSSAIRE\u00a0\u00bb _builder_version=\u00a0\u00bb4.11.3&Prime; global_colors_info=\u00a0\u00bb{}\u00a0\u00bb]<\/p>\n<p><strong>Actes autoris\u00e9s :<\/strong> Acte contr\u00f4l\u00e9 ou partie d\u2019un acte contr\u00f4l\u00e9 dont l\u2019ex\u00e9cution par un professionnel de la sant\u00e9 est autoris\u00e9e dans une loi sur une profession de la sant\u00e9 [la <em>Loi sur les th\u00e9rapeutes respiratoires<\/em> autorise ceux-ci \u00e0 ex\u00e9cuter cinq actes d\u00e9riv\u00e9s de trois actes contr\u00f4l\u00e9s d\u00e9finis dans la <em>LPSR<\/em>].<\/p>\n<p><strong>Membre(s) : <\/strong>Th\u00e9rapeute respiratoire inscrit aupr\u00e8s de l\u2019OTRO. Cela comprend les th\u00e9rapeutes respiratoires dipl\u00f4m\u00e9s (GRT), les th\u00e9rapeutes respiratoires auxiliaires (limit\u00e9s)(PRT) et les th\u00e9rapeutes respiratoires inscrits (RRT).<\/p>\n<p>[\/et_pb_toggle][\/et_pb_column][et_pb_column type=\u00a0\u00bb1_2&Prime; _builder_version=\u00a0\u00bb4.6.6&Prime; background_enable_color=\u00a0\u00bboff\u00a0\u00bb global_colors_info=\u00a0\u00bb{}\u00a0\u00bb custom_padding__hover=\u00a0\u00bb|||\u00a0\u00bb][et_pb_toggle title=\u00a0\u00bbR\u00c9F\u00c9RENCES\u00a0\u00bb admin_label=\u00a0\u00bbRESOURCES\u00a0\u00bb _builder_version=\u00a0\u00bb4.11.3&Prime; global_colors_info=\u00a0\u00bb{}\u00a0\u00bb]<\/p>\n<ol>\n<li>College of Nurses of Ontario. (2002). <em>Professional Standards<\/em>. Extrait de : <a href=\"https:\/\/www.cno.org\/globalassets\/docs\/prac\/41006_profstds.pdf\">https:\/\/www.cno.org\/globalassets\/docs\/prac\/41006_profstds.pdf<\/a><\/li>\n<li>College of Physicians and Surgeons of Ontario (2021) <em>Professional Responsibilities in Medical Education<\/em>. Extrait de : <a href=\"https:\/\/www.cpso.on.ca\/Physicians\/Policies-Guidance\/Policies\/Professional-Responsibilities-in-Medical-Education\">https:\/\/www.cpso.on.ca\/Physicians\/Policies-Guidance\/Policies\/Professional-Responsibilities-in-Medical-Education<\/a><\/li>\n<li>Health.Vic (2020) <em>The Best Practice Clinical Learning Environment (BPCLE) Framework (health.vic.gov.au)<\/em>. Extrait de : <a href=\"https:\/\/www.health.vic.gov.au\/education-and-training\/best-practice-clinical-learning-environment-bpcle-framework\">https:\/\/www.health.vic.gov.au\/education-and-training\/best-practice-clinical-learning-environment-bpcle-framework<\/a><\/li>\n<\/ol>\n<p>[\/et_pb_toggle][\/et_pb_column][\/et_pb_row][\/et_pb_section][et_pb_section fb_built=\u00a0\u00bb1&Prime; inner_shadow=\u00a0\u00bbon\u00a0\u00bb module_id=\u00a0\u00bbfootnote\u00a0\u00bb _builder_version=\u00a0\u00bb3.22&Prime; use_background_color_gradient=\u00a0\u00bbon\u00a0\u00bb background_color_gradient_start=\u00a0\u00bb#ffffff\u00a0\u00bb background_color_gradient_end=\u00a0\u00bb#ededed\u00a0\u00bb background_color_gradient_type=\u00a0\u00bbradial\u00a0\u00bb background_color_gradient_start_position=\u00a0\u00bb53%\u00a0\u00bb custom_padding=\u00a0\u00bb20px||20px|\u00a0\u00bb global_colors_info=\u00a0\u00bb{}\u00a0\u00bb][et_pb_row column_structure=\u00a0\u00bb1_2,1_4,1_4&Prime; _builder_version=\u00a0\u00bb3.25&Prime; global_colors_info=\u00a0\u00bb{}\u00a0\u00bb][et_pb_column type=\u00a0\u00bb1_2&Prime; _builder_version=\u00a0\u00bb3.25&Prime; custom_padding=\u00a0\u00bb|||\u00a0\u00bb global_colors_info=\u00a0\u00bb{}\u00a0\u00bb custom_padding__hover=\u00a0\u00bb|||\u00a0\u00bb][\/et_pb_column][et_pb_column type=\u00a0\u00bb1_4&Prime; _builder_version=\u00a0\u00bb3.25&Prime; custom_padding=\u00a0\u00bb|||\u00a0\u00bb global_colors_info=\u00a0\u00bb{}\u00a0\u00bb custom_padding__hover=\u00a0\u00bb|||\u00a0\u00bb][\/et_pb_column][et_pb_column type=\u00a0\u00bb1_4&Prime; _builder_version=\u00a0\u00bb3.25&Prime; custom_padding=\u00a0\u00bb|||\u00a0\u00bb global_colors_info=\u00a0\u00bb{}\u00a0\u00bb custom_padding__hover=\u00a0\u00bb|||\u00a0\u00bb][et_pb_button button_url=\u00a0\u00bb@ET-DC@eyJkeW5hbWljIjp0cnVlLCJjb250ZW50IjoicG9zdF9saW5rX3VybF9wYWdlIiwic2V0dGluZ3MiOnsicG9zdF9pZCI6IjM2MjQifX0=@\u00a0\u00bb button_text=\u00a0\u00bbPr\u00e9c\u00e9dent\u00a0\u00bb button_alignment=\u00a0\u00bbright\u00a0\u00bb admin_label=\u00a0\u00bbPrevious\u00a0\u00bb _builder_version=\u00a0\u00bb4.11.3&Prime; _dynamic_attributes=\u00a0\u00bbbutton_url\u00a0\u00bb animation_style=\u00a0\u00bbfade\u00a0\u00bb global_colors_info=\u00a0\u00bb{}\u00a0\u00bb button_text_size__hover_enabled=\u00a0\u00bboff\u00a0\u00bb button_one_text_size__hover_enabled=\u00a0\u00bboff\u00a0\u00bb button_two_text_size__hover_enabled=\u00a0\u00bboff\u00a0\u00bb button_text_color__hover_enabled=\u00a0\u00bboff\u00a0\u00bb button_one_text_color__hover_enabled=\u00a0\u00bboff\u00a0\u00bb button_two_text_color__hover_enabled=\u00a0\u00bboff\u00a0\u00bb button_border_width__hover_enabled=\u00a0\u00bboff\u00a0\u00bb button_one_border_width__hover_enabled=\u00a0\u00bboff\u00a0\u00bb button_two_border_width__hover_enabled=\u00a0\u00bboff\u00a0\u00bb button_border_color__hover_enabled=\u00a0\u00bboff\u00a0\u00bb button_one_border_color__hover_enabled=\u00a0\u00bboff\u00a0\u00bb button_two_border_color__hover_enabled=\u00a0\u00bboff\u00a0\u00bb button_border_radius__hover_enabled=\u00a0\u00bboff\u00a0\u00bb button_one_border_radius__hover_enabled=\u00a0\u00bboff\u00a0\u00bb button_two_border_radius__hover_enabled=\u00a0\u00bboff\u00a0\u00bb button_letter_spacing__hover_enabled=\u00a0\u00bboff\u00a0\u00bb button_one_letter_spacing__hover_enabled=\u00a0\u00bboff\u00a0\u00bb button_two_letter_spacing__hover_enabled=\u00a0\u00bboff\u00a0\u00bb button_bg_color__hover_enabled=\u00a0\u00bboff\u00a0\u00bb button_one_bg_color__hover_enabled=\u00a0\u00bboff\u00a0\u00bb button_two_bg_color__hover_enabled=\u00a0\u00bboff\u00a0\u00bb][\/et_pb_button][\/et_pb_column][\/et_pb_row][\/et_pb_section]<\/p>\n","protected":false},"excerpt":{"rendered":"<p>Autres consid\u00e9rations \u200bPartage de la responsabilit\u00e9 li\u00e9e \u00e0 l\u2019\u00e9ducation \u00a0 Pendant le processus d\u2019\u00e9ducation, le th\u00e9rapeute respiratoire et l\u2019apprenant sont tous les deux responsables de leurs propres actions, tout en partageant la responsabilit\u00e9 quant au r\u00e9sultat de l\u2019\u00e9change de connaissances. Les \u00e9ducateurs sont tenus de s\u2019assurer qu\u2019il est appropri\u00e9 d\u2019enseigner cette proc\u00e9dure et d\u00e9cider de [&hellip;]<\/p>\n","protected":false},"author":6,"featured_media":0,"parent":0,"menu_order":0,"comment_status":"closed","ping_status":"closed","template":"","meta":{"_et_pb_use_builder":"on","_et_pb_old_content":"","_et_gb_content_width":"","footnotes":""},"class_list":["post-3776","page","type-page","status-publish","hentry"],"yoast_head":"<!-- This site is optimized with the Yoast SEO plugin v26.9 - https:\/\/yoast.com\/product\/yoast-seo-wordpress\/ -->\n<title>Additional Considerations - Respiratory Therapists Providing Education<\/title>\n<meta name=\"robots\" content=\"index, follow, max-snippet:-1, max-image-preview:large, max-video-preview:-1\" \/>\n<link rel=\"canonical\" href=\"https:\/\/education.crto.on.ca\/fr\/additional-considerations\/\" \/>\n<meta property=\"og:locale\" content=\"fr_FR\" \/>\n<meta property=\"og:type\" content=\"article\" \/>\n<meta property=\"og:title\" content=\"Additional Considerations - Respiratory Therapists Providing Education\" \/>\n<meta property=\"og:description\" content=\"Autres consid\u00e9rations \u200bPartage de la responsabilit\u00e9 li\u00e9e \u00e0 l\u2019\u00e9ducation \u00a0 Pendant le processus d\u2019\u00e9ducation, le th\u00e9rapeute respiratoire et l\u2019apprenant sont tous les deux responsables de leurs propres actions, tout en partageant la responsabilit\u00e9 quant au r\u00e9sultat de l\u2019\u00e9change de connaissances. Les \u00e9ducateurs sont tenus de s\u2019assurer qu\u2019il est appropri\u00e9 d\u2019enseigner cette proc\u00e9dure et d\u00e9cider de [&hellip;]\" \/>\n<meta property=\"og:url\" content=\"https:\/\/education.crto.on.ca\/fr\/additional-considerations\/\" \/>\n<meta property=\"og:site_name\" content=\"Respiratory Therapists Providing Education\" \/>\n<meta property=\"article:modified_time\" content=\"2021-12-15T06:11:15+00:00\" \/>\n<meta name=\"twitter:card\" content=\"summary_large_image\" \/>\n<meta name=\"twitter:label1\" content=\"Est. reading time\" \/>\n\t<meta name=\"twitter:data1\" content=\"2 minutes\" \/>\n<script type=\"application\/ld+json\" class=\"yoast-schema-graph\">{\"@context\":\"https:\/\/schema.org\",\"@graph\":[{\"@type\":\"WebPage\",\"@id\":\"https:\/\/education.crto.on.ca\/fr\/additional-considerations\/\",\"url\":\"https:\/\/education.crto.on.ca\/fr\/additional-considerations\/\",\"name\":\"Additional Considerations - Respiratory Therapists Providing Education\",\"isPartOf\":{\"@id\":\"https:\/\/education.crto.on.ca\/#website\"},\"datePublished\":\"2021-12-15T05:37:40+00:00\",\"dateModified\":\"2021-12-15T06:11:15+00:00\",\"breadcrumb\":{\"@id\":\"https:\/\/education.crto.on.ca\/fr\/additional-considerations\/#breadcrumb\"},\"inLanguage\":\"fr-FR\",\"potentialAction\":[{\"@type\":\"ReadAction\",\"target\":[\"https:\/\/education.crto.on.ca\/fr\/additional-considerations\/\"]}]},{\"@type\":\"BreadcrumbList\",\"@id\":\"https:\/\/education.crto.on.ca\/fr\/additional-considerations\/#breadcrumb\",\"itemListElement\":[{\"@type\":\"ListItem\",\"position\":1,\"name\":\"Home\",\"item\":\"https:\/\/education.crto.on.ca\/fr\/\"},{\"@type\":\"ListItem\",\"position\":2,\"name\":\"Additional Considerations\"}]},{\"@type\":\"WebSite\",\"@id\":\"https:\/\/education.crto.on.ca\/#website\",\"url\":\"https:\/\/education.crto.on.ca\/\",\"name\":\"Respiratory Therapists Providing Education\",\"description\":\"\",\"potentialAction\":[{\"@type\":\"SearchAction\",\"target\":{\"@type\":\"EntryPoint\",\"urlTemplate\":\"https:\/\/education.crto.on.ca\/?s={search_term_string}\"},\"query-input\":{\"@type\":\"PropertyValueSpecification\",\"valueRequired\":true,\"valueName\":\"search_term_string\"}}],\"inLanguage\":\"fr-FR\"}]}<\/script>\n<!-- \/ Yoast SEO plugin. -->","yoast_head_json":{"title":"Additional Considerations - Respiratory Therapists Providing Education","robots":{"index":"index","follow":"follow","max-snippet":"max-snippet:-1","max-image-preview":"max-image-preview:large","max-video-preview":"max-video-preview:-1"},"canonical":"https:\/\/education.crto.on.ca\/fr\/additional-considerations\/","og_locale":"fr_FR","og_type":"article","og_title":"Additional Considerations - Respiratory Therapists Providing Education","og_description":"Autres consid\u00e9rations \u200bPartage de la responsabilit\u00e9 li\u00e9e \u00e0 l\u2019\u00e9ducation \u00a0 Pendant le processus d\u2019\u00e9ducation, le th\u00e9rapeute respiratoire et l\u2019apprenant sont tous les deux responsables de leurs propres actions, tout en partageant la responsabilit\u00e9 quant au r\u00e9sultat de l\u2019\u00e9change de connaissances. Les \u00e9ducateurs sont tenus de s\u2019assurer qu\u2019il est appropri\u00e9 d\u2019enseigner cette proc\u00e9dure et d\u00e9cider de [&hellip;]","og_url":"https:\/\/education.crto.on.ca\/fr\/additional-considerations\/","og_site_name":"Respiratory Therapists Providing Education","article_modified_time":"2021-12-15T06:11:15+00:00","twitter_card":"summary_large_image","twitter_misc":{"Est. reading time":"2 minutes"},"schema":{"@context":"https:\/\/schema.org","@graph":[{"@type":"WebPage","@id":"https:\/\/education.crto.on.ca\/fr\/additional-considerations\/","url":"https:\/\/education.crto.on.ca\/fr\/additional-considerations\/","name":"Additional Considerations - Respiratory Therapists Providing Education","isPartOf":{"@id":"https:\/\/education.crto.on.ca\/#website"},"datePublished":"2021-12-15T05:37:40+00:00","dateModified":"2021-12-15T06:11:15+00:00","breadcrumb":{"@id":"https:\/\/education.crto.on.ca\/fr\/additional-considerations\/#breadcrumb"},"inLanguage":"fr-FR","potentialAction":[{"@type":"ReadAction","target":["https:\/\/education.crto.on.ca\/fr\/additional-considerations\/"]}]},{"@type":"BreadcrumbList","@id":"https:\/\/education.crto.on.ca\/fr\/additional-considerations\/#breadcrumb","itemListElement":[{"@type":"ListItem","position":1,"name":"Home","item":"https:\/\/education.crto.on.ca\/fr\/"},{"@type":"ListItem","position":2,"name":"Additional Considerations"}]},{"@type":"WebSite","@id":"https:\/\/education.crto.on.ca\/#website","url":"https:\/\/education.crto.on.ca\/","name":"Respiratory Therapists Providing Education","description":"","potentialAction":[{"@type":"SearchAction","target":{"@type":"EntryPoint","urlTemplate":"https:\/\/education.crto.on.ca\/?s={search_term_string}"},"query-input":{"@type":"PropertyValueSpecification","valueRequired":true,"valueName":"search_term_string"}}],"inLanguage":"fr-FR"}]}},"_links":{"self":[{"href":"https:\/\/education.crto.on.ca\/fr\/wp-json\/wp\/v2\/pages\/3776","targetHints":{"allow":["GET"]}}],"collection":[{"href":"https:\/\/education.crto.on.ca\/fr\/wp-json\/wp\/v2\/pages"}],"about":[{"href":"https:\/\/education.crto.on.ca\/fr\/wp-json\/wp\/v2\/types\/page"}],"author":[{"embeddable":true,"href":"https:\/\/education.crto.on.ca\/fr\/wp-json\/wp\/v2\/users\/6"}],"replies":[{"embeddable":true,"href":"https:\/\/education.crto.on.ca\/fr\/wp-json\/wp\/v2\/comments?post=3776"}],"version-history":[{"count":4,"href":"https:\/\/education.crto.on.ca\/fr\/wp-json\/wp\/v2\/pages\/3776\/revisions"}],"predecessor-version":[{"id":3802,"href":"https:\/\/education.crto.on.ca\/fr\/wp-json\/wp\/v2\/pages\/3776\/revisions\/3802"}],"wp:attachment":[{"href":"https:\/\/education.crto.on.ca\/fr\/wp-json\/wp\/v2\/media?parent=3776"}],"curies":[{"name":"wp","href":"https:\/\/api.w.org\/{rel}","templated":true}]}}